{"id":760,"date":"2021-05-27T23:27:41","date_gmt":"2021-05-28T04:27:41","guid":{"rendered":"http:\/\/grupoprointec.com\/?page_id=760"},"modified":"2022-10-18T21:13:44","modified_gmt":"2022-10-19T02:13:44","slug":"meccanoplastica","status":"publish","type":"page","link":"http:\/\/grupoprointec.com\/?page_id=760","title":{"rendered":"Meccanoplastica"},"content":{"rendered":"\t\t<div data-elementor-type=\"wp-page\" data-elementor-id=\"760\" class=\"elementor elementor-760\" data-elementor-post-type=\"page\">\n\t\t\t\t\t\t<section class=\"elementor-section elementor-top-section elementor-element elementor-element-650b913c elementor-section-content-middle elementor-section-full_width elementor-section-height-default elementor-section-height-default\" data-id=\"650b913c\" data-element_type=\"section\" data-e-type=\"section\">\n\t\t\t\t\t\t<div class=\"elementor-container elementor-column-gap-no\">\n\t\t\t\t\t<div class=\"elementor-column elementor-col-50 elementor-top-column elementor-element elementor-element-1991d549\" data-id=\"1991d549\" data-element_type=\"column\" data-e-type=\"column\">\n\t\t\t<div class=\"elementor-widget-wrap elementor-element-populated\">\n\t\t\t\t\t\t<div class=\"elementor-element elementor-element-5efd10f6 elementor-widget elementor-widget-image\" data-id=\"5efd10f6\" data-element_type=\"widget\" data-e-type=\"widget\" data-widget_type=\"image.default\">\n\t\t\t\t<div class=\"elementor-widget-container\">\n\t\t\t\t\t\t\t\t\t\t\t\t\t\t\t<img fetchpriority=\"high\" decoding=\"async\" width=\"2560\" height=\"1676\" src=\"http:\/\/grupoprointec.com\/wp-content\/uploads\/2022\/10\/logomecca2022-scaled.jpg\" class=\"attachment-full size-full wp-image-1786\" alt=\"\" srcset=\"http:\/\/grupoprointec.com\/wp-content\/uploads\/2022\/10\/logomecca2022-scaled.jpg 2560w, http:\/\/grupoprointec.com\/wp-content\/uploads\/2022\/10\/logomecca2022-300x196.jpg 300w, http:\/\/grupoprointec.com\/wp-content\/uploads\/2022\/10\/logomecca2022-1024x670.jpg 1024w, http:\/\/grupoprointec.com\/wp-content\/uploads\/2022\/10\/logomecca2022-768x503.jpg 768w, http:\/\/grupoprointec.com\/wp-content\/uploads\/2022\/10\/logomecca2022-1536x1005.jpg 1536w, http:\/\/grupoprointec.com\/wp-content\/uploads\/2022\/10\/logomecca2022-2048x1341.jpg 2048w\" sizes=\"(max-width: 2560px) 100vw, 2560px\" \/>\t\t\t\t\t\t\t\t\t\t\t\t\t\t\t<\/div>\n\t\t\t\t<\/div>\n\t\t\t\t\t<\/div>\n\t\t<\/div>\n\t\t\t\t<div class=\"elementor-column elementor-col-50 elementor-top-column elementor-element elementor-element-22543cce\" data-id=\"22543cce\" data-element_type=\"column\" data-e-type=\"column\">\n\t\t\t<div class=\"elementor-widget-wrap elementor-element-populated\">\n\t\t\t\t\t\t<div class=\"elementor-element elementor-element-6b1e58e elementor-widget elementor-widget-text-editor\" data-id=\"6b1e58e\" data-element_type=\"widget\" data-e-type=\"widget\" data-widget_type=\"text-editor.default\">\n\t\t\t\t<div class=\"elementor-widget-container\">\n\t\t\t\t\t\t\t\t\t<p>Nacidos en el coraz\u00f3n de la Toscana en 1983, hemos crecido con nuestros clientes. Hemos sabido adaptarnos y transformarnos, de una peque\u00f1a empresa, compuesta por tan solo tres socios fundadores, a una importante realidad industrial en el mercado italiano y extranjero, con sedes operativas en Florencia (Italia) y Barcelona (Espa\u00f1a).<\/p><p>Con una gama de productos que comprende m\u00e1quinas para el soplado de materias pl\u00e1sticas de extrusi\u00f3n continua (<strong>EBM<\/strong>),<strong>\u00a0<\/strong>m\u00e1quinas para inyecci\u00f3n-soplado (<strong>IBM<\/strong>) y m\u00e1quinas para estirado soplado (<strong>SBM<\/strong>), nuestro equipo de profesionales afronta cada fase productiva prestando una gran atenci\u00f3n a las exigencias\u00a0PARTICULARES\u00a0de cada cliente y dedicando un cuidado especial a cada detalle t\u00e9cnico.<\/p>\t\t\t\t\t\t\t\t<\/div>\n\t\t\t\t<\/div>\n\t\t\t\t\t<\/div>\n\t\t<\/div>\n\t\t\t\t\t<\/div>\n\t\t<\/section>\n\t\t\t\t<section class=\"elementor-section elementor-top-section elementor-element elementor-element-cfa0bf5 elementor-section-full_width elementor-section-height-default elementor-section-height-default\" data-id=\"cfa0bf5\" data-element_type=\"section\" data-e-type=\"section\">\n\t\t\t\t\t\t<div class=\"elementor-container elementor-column-gap-no\">\n\t\t\t\t\t<div class=\"elementor-column elementor-col-100 elementor-top-column elementor-element elementor-element-5f4a1ba\" data-id=\"5f4a1ba\" data-element_type=\"column\" data-e-type=\"column\">\n\t\t\t<div class=\"elementor-widget-wrap elementor-element-populated\">\n\t\t\t\t\t\t<div class=\"elementor-element elementor-element-7ff4fa0 elementor-widget elementor-widget-heading\" data-id=\"7ff4fa0\" data-element_type=\"widget\" data-e-type=\"widget\" data-widget_type=\"heading.default\">\n\t\t\t\t<div class=\"elementor-widget-container\">\n\t\t\t\t\t<h2 class=\"elementor-heading-title elementor-size-default\">Tecnolog\u00edas<\/h2>\t\t\t\t<\/div>\n\t\t\t\t<\/div>\n\t\t\t\t<div class=\"elementor-element elementor-element-f84cdad elementor-widget elementor-widget-image\" data-id=\"f84cdad\" data-element_type=\"widget\" data-e-type=\"widget\" data-widget_type=\"image.default\">\n\t\t\t\t<div class=\"elementor-widget-container\">\n\t\t\t\t\t\t\t\t\t\t\t\t\t\t\t<img decoding=\"async\" width=\"1340\" height=\"320\" src=\"http:\/\/grupoprointec.com\/wp-content\/uploads\/2021\/06\/TECNOLOGIAS-MECCANOPLASTICA.png\" class=\"attachment-full size-full wp-image-1168\" alt=\"\" srcset=\"http:\/\/grupoprointec.com\/wp-content\/uploads\/2021\/06\/TECNOLOGIAS-MECCANOPLASTICA.png 1340w, http:\/\/grupoprointec.com\/wp-content\/uploads\/2021\/06\/TECNOLOGIAS-MECCANOPLASTICA-300x72.png 300w, http:\/\/grupoprointec.com\/wp-content\/uploads\/2021\/06\/TECNOLOGIAS-MECCANOPLASTICA-1024x245.png 1024w, http:\/\/grupoprointec.com\/wp-content\/uploads\/2021\/06\/TECNOLOGIAS-MECCANOPLASTICA-768x183.png 768w\" sizes=\"(max-width: 1340px) 100vw, 1340px\" \/>\t\t\t\t\t\t\t\t\t\t\t\t\t\t\t<\/div>\n\t\t\t\t<\/div>\n\t\t\t\t\t<\/div>\n\t\t<\/div>\n\t\t\t\t\t<\/div>\n\t\t<\/section>\n\t\t\t\t<section class=\"elementor-section elementor-top-section elementor-element elementor-element-8fe43dc elementor-section-full_width elementor-section-height-default elementor-section-height-default\" data-id=\"8fe43dc\" data-element_type=\"section\" data-e-type=\"section\">\n\t\t\t\t\t\t<div class=\"elementor-container elementor-column-gap-no\">\n\t\t\t\t\t<div class=\"elementor-column elementor-col-100 elementor-top-column elementor-element elementor-element-3848641\" data-id=\"3848641\" data-element_type=\"column\" data-e-type=\"column\">\n\t\t\t<div class=\"elementor-widget-wrap elementor-element-populated\">\n\t\t\t\t\t\t<div class=\"elementor-element elementor-element-9c57aa5 elementor-widget elementor-widget-image\" data-id=\"9c57aa5\" data-element_type=\"widget\" data-e-type=\"widget\" data-widget_type=\"image.default\">\n\t\t\t\t<div class=\"elementor-widget-container\">\n\t\t\t\t\t\t\t\t\t\t\t\t\t\t\t<img decoding=\"async\" width=\"1920\" height=\"476\" src=\"http:\/\/grupoprointec.com\/wp-content\/uploads\/2021\/06\/slider_mecca.png\" class=\"attachment-full size-full wp-image-1309\" alt=\"\" srcset=\"http:\/\/grupoprointec.com\/wp-content\/uploads\/2021\/06\/slider_mecca.png 1920w, http:\/\/grupoprointec.com\/wp-content\/uploads\/2021\/06\/slider_mecca-300x74.png 300w, http:\/\/grupoprointec.com\/wp-content\/uploads\/2021\/06\/slider_mecca-1024x254.png 1024w, http:\/\/grupoprointec.com\/wp-content\/uploads\/2021\/06\/slider_mecca-768x190.png 768w, http:\/\/grupoprointec.com\/wp-content\/uploads\/2021\/06\/slider_mecca-1536x381.png 1536w\" sizes=\"(max-width: 1920px) 100vw, 1920px\" \/>\t\t\t\t\t\t\t\t\t\t\t\t\t\t\t<\/div>\n\t\t\t\t<\/div>\n\t\t\t\t\t<\/div>\n\t\t<\/div>\n\t\t\t\t\t<\/div>\n\t\t<\/section>\n\t\t\t\t<section class=\"elementor-section elementor-top-section elementor-element elementor-element-0c44d61 elementor-section-full_width elementor-section-height-default elementor-section-height-default\" data-id=\"0c44d61\" data-element_type=\"section\" data-e-type=\"section\">\n\t\t\t\t\t\t<div class=\"elementor-container elementor-column-gap-default\">\n\t\t\t\t\t<div class=\"elementor-column elementor-col-100 elementor-top-column elementor-element elementor-element-dbae731\" data-id=\"dbae731\" data-element_type=\"column\" data-e-type=\"column\">\n\t\t\t<div class=\"elementor-widget-wrap elementor-element-populated\">\n\t\t\t\t\t\t<div class=\"elementor-element elementor-element-19462f9 elementor-widget elementor-widget-heading\" data-id=\"19462f9\" data-element_type=\"widget\" data-e-type=\"widget\" data-widget_type=\"heading.default\">\n\t\t\t\t<div class=\"elementor-widget-container\">\n\t\t\t\t\t<h2 class=\"elementor-heading-title elementor-size-default\">Maquinas<\/h2>\t\t\t\t<\/div>\n\t\t\t\t<\/div>\n\t\t\t\t\t<\/div>\n\t\t<\/div>\n\t\t\t\t\t<\/div>\n\t\t<\/section>\n\t\t\t\t<section class=\"elementor-section elementor-top-section elementor-element elementor-element-74fbdb7 elementor-section-full_width elementor-section-height-default elementor-section-height-default\" data-id=\"74fbdb7\" data-element_type=\"section\" data-e-type=\"section\">\n\t\t\t\t\t\t<div class=\"elementor-container elementor-column-gap-default\">\n\t\t\t\t\t<div class=\"elementor-column elementor-col-33 elementor-top-column elementor-element elementor-element-bb80d42\" data-id=\"bb80d42\" data-element_type=\"column\" data-e-type=\"column\">\n\t\t\t<div class=\"elementor-widget-wrap elementor-element-populated\">\n\t\t\t\t\t\t<div class=\"elementor-element elementor-element-d6b741c elementor-widget elementor-widget-heading\" data-id=\"d6b741c\" data-element_type=\"widget\" data-e-type=\"widget\" data-widget_type=\"heading.default\">\n\t\t\t\t<div class=\"elementor-widget-container\">\n\t\t\t\t\t<h2 class=\"elementor-heading-title elementor-size-default\">Extrusi\u00f3n y soplado | EBM<\/h2>\t\t\t\t<\/div>\n\t\t\t\t<\/div>\n\t\t\t\t<div class=\"elementor-element elementor-element-32f1175 elementor-widget elementor-widget-text-editor\" data-id=\"32f1175\" data-element_type=\"widget\" data-e-type=\"widget\" data-widget_type=\"text-editor.default\">\n\t\t\t\t<div class=\"elementor-widget-container\">\n\t\t\t\t\t\t\t\t\t<p class=\"p1\"><span class=\"s1\">Las m\u00e1quinas de extrusi\u00f3n y soplado continuo de esta serie, se caracterizan por la traslaci\u00f3n del carro porta-moldes por columnas inclinadas a 15\u00b0.<\/span><\/p><p class=\"p1\"><span class=\"s1\">Esta serie es id\u00f3nea para la fabricaci\u00f3n de recipientes de 5 ml hasta un volumen m\u00e1ximo de 5 l.<\/span><\/p><p class=\"p1\"><span class=\"s1\">Las m\u00e1quinas que pertenecen a esta serie pueden ser tanto hidr\u00e1ulicas como h\u00edbridas.<\/span><\/p>\t\t\t\t\t\t\t\t<\/div>\n\t\t\t\t<\/div>\n\t\t\t\t\t<\/div>\n\t\t<\/div>\n\t\t\t\t<div class=\"elementor-column elementor-col-33 elementor-top-column elementor-element elementor-element-5edcc72\" data-id=\"5edcc72\" data-element_type=\"column\" data-e-type=\"column\">\n\t\t\t<div class=\"elementor-widget-wrap elementor-element-populated\">\n\t\t\t\t\t\t<div class=\"elementor-element elementor-element-d6bd500 elementor-widget elementor-widget-heading\" data-id=\"d6bd500\" data-element_type=\"widget\" data-e-type=\"widget\" data-widget_type=\"heading.default\">\n\t\t\t\t<div class=\"elementor-widget-container\">\n\t\t\t\t\t<h2 class=\"elementor-heading-title elementor-size-default\">Inyecci\u00f3n Soplado | IBM<\/h2>\t\t\t\t<\/div>\n\t\t\t\t<\/div>\n\t\t\t\t<div class=\"elementor-element elementor-element-80a42c3 elementor-widget elementor-widget-text-editor\" data-id=\"80a42c3\" data-element_type=\"widget\" data-e-type=\"widget\" data-widget_type=\"text-editor.default\">\n\t\t\t\t<div class=\"elementor-widget-container\">\n\t\t\t\t\t\t\t\t\t<p class=\"p1\"><span class=\"s1\">La serie JET es una realidad \u00fanica en el sector de las m\u00e1quinas de Inyecci\u00f3n-Soplado.<\/span><\/p><p class=\"p1\"><span class=\"s1\">MeccanoPlastica ha sido la primera en el mercado mundial en realizar este tipo de m\u00e1quinas, donde todos los movimientos son el\u00e9ctricos.<\/span><\/p><p class=\"p1\"><span class=\"s1\">Es por este motivo que los modelos de la serie JET (JET55 \u2013 JET55\/L \u2013 JET120) son ideales para aplicaciones donde se requiere la ausencia total de agentes contaminantes en la fase de fabricaci\u00f3n del recipiente; garantizando adem\u00e1s, un ahorro energ\u00e9tico importante.<\/span><\/p><p class=\"p1\"><span class=\"s1\">Por tanto, la serie JET est\u00e1 indicada para las producciones en los sectores farmac\u00e9utico y cosm\u00e9tico. Adecuada para la realizaci\u00f3n de frascos de peque\u00f1as dimensiones, desde 5 ml hasta 250 ml de capacidad volum\u00e9trica y con variantes inherentes a los espacios donde alojar los moldes, con un n\u00famero menor o mayor de cavidades.<\/span><\/p>\t\t\t\t\t\t\t\t<\/div>\n\t\t\t\t<\/div>\n\t\t\t\t\t<\/div>\n\t\t<\/div>\n\t\t\t\t<div class=\"elementor-column elementor-col-33 elementor-top-column elementor-element elementor-element-5c16b77\" data-id=\"5c16b77\" data-element_type=\"column\" data-e-type=\"column\">\n\t\t\t<div class=\"elementor-widget-wrap elementor-element-populated\">\n\t\t\t\t\t\t<div class=\"elementor-element elementor-element-3e59bb3 elementor-widget elementor-widget-heading\" data-id=\"3e59bb3\" data-element_type=\"widget\" data-e-type=\"widget\" data-widget_type=\"heading.default\">\n\t\t\t\t<div class=\"elementor-widget-container\">\n\t\t\t\t\t<h2 class=\"elementor-heading-title elementor-size-default\">Estirado Soplado | SBM<\/h2>\t\t\t\t<\/div>\n\t\t\t\t<\/div>\n\t\t\t\t<div class=\"elementor-element elementor-element-6f0d317 elementor-widget elementor-widget-text-editor\" data-id=\"6f0d317\" data-element_type=\"widget\" data-e-type=\"widget\" data-widget_type=\"text-editor.default\">\n\t\t\t\t<div class=\"elementor-widget-container\">\n\t\t\t\t\t\t\t\t\t<p class=\"p1\">La nueva serie MIPET el\u00e9ctrica, garantiza la m\u00e1xima precisi\u00f3n de los movimientos, optimizando tiempos y productividad. Ideal para las Empresas que buscan rendimientos productivos con costes contenidos. Con el modelo 1P se puede soplar botellas hasta 2,5 litros, mientras que con el modelo 1G se puede producir botellas hasta 10 litros. Estas maquinas permiten el uso de un rango de preformas muy elevado. Las m\u00e1quinas de la serie MIPET se construyen cuidando cada detalle y presentan caracter\u00edsticas especiales en el dise\u00f1o. La altura de la placa del molde se reduce al m\u00ednimo (mejor accesibilidad y reduccion del montaje del molde), la descarga de las botellas se lleva a cabo con pinzas dobles (o sea un menor desgaste), la salidade las botellas se mantienen en posici\u00f3n vertical gracias a la aspiracion en la cinta transportadora que se puede ajustar en altura por medio de un motor el\u00e9ctrico..<\/p>\t\t\t\t\t\t\t\t<\/div>\n\t\t\t\t<\/div>\n\t\t\t\t\t<\/div>\n\t\t<\/div>\n\t\t\t\t\t<\/div>\n\t\t<\/section>\n\t\t\t\t<section class=\"elementor-section elementor-top-section elementor-element elementor-element-816495e elementor-section-boxed elementor-section-height-default elementor-section-height-default\" data-id=\"816495e\" data-element_type=\"section\" data-e-type=\"section\">\n\t\t\t\t\t\t<div class=\"elementor-container elementor-column-gap-default\">\n\t\t\t\t\t<div class=\"elementor-column elementor-col-33 elementor-top-column elementor-element elementor-element-95205f3\" data-id=\"95205f3\" data-element_type=\"column\" data-e-type=\"column\">\n\t\t\t<div class=\"elementor-widget-wrap elementor-element-populated\">\n\t\t\t\t\t\t<div class=\"elementor-element elementor-element-585b71a elementor-align-center elementor-widget elementor-widget-button\" data-id=\"585b71a\" data-element_type=\"widget\" data-e-type=\"widget\" data-widget_type=\"button.default\">\n\t\t\t\t<div class=\"elementor-widget-container\">\n\t\t\t\t\t\t\t\t\t<div class=\"elementor-button-wrapper\">\n\t\t\t\t\t<a class=\"elementor-button elementor-button-link elementor-size-sm elementor-animation-shrink\" href=\"#elementor-action%3Aaction%3Dpopup%3Aopen%26settings%3DeyJpZCI6IjExODUiLCJ0b2dnbGUiOmZhbHNlfQ%3D%3D\">\n\t\t\t\t\t\t<span class=\"elementor-button-content-wrapper\">\n\t\t\t\t\t\t\t\t\t<span class=\"elementor-button-text\">Conoce los equipos<\/span>\n\t\t\t\t\t<\/span>\n\t\t\t\t\t<\/a>\n\t\t\t\t<\/div>\n\t\t\t\t\t\t\t\t<\/div>\n\t\t\t\t<\/div>\n\t\t\t\t\t<\/div>\n\t\t<\/div>\n\t\t\t\t<div class=\"elementor-column elementor-col-33 elementor-top-column elementor-element elementor-element-b1aa7f4\" data-id=\"b1aa7f4\" data-element_type=\"column\" data-e-type=\"column\">\n\t\t\t<div class=\"elementor-widget-wrap elementor-element-populated\">\n\t\t\t\t\t\t<div class=\"elementor-element elementor-element-01c5b37 elementor-align-center elementor-widget elementor-widget-button\" data-id=\"01c5b37\" data-element_type=\"widget\" data-e-type=\"widget\" data-widget_type=\"button.default\">\n\t\t\t\t<div class=\"elementor-widget-container\">\n\t\t\t\t\t\t\t\t\t<div class=\"elementor-button-wrapper\">\n\t\t\t\t\t<a class=\"elementor-button elementor-button-link elementor-size-sm\" href=\"#elementor-action%3Aaction%3Dpopup%3Aopen%26settings%3DeyJpZCI6IjEyNzIiLCJ0b2dnbGUiOmZhbHNlfQ%3D%3D\">\n\t\t\t\t\t\t<span class=\"elementor-button-content-wrapper\">\n\t\t\t\t\t\t\t\t\t<span class=\"elementor-button-text\">Conoce los equipos<\/span>\n\t\t\t\t\t<\/span>\n\t\t\t\t\t<\/a>\n\t\t\t\t<\/div>\n\t\t\t\t\t\t\t\t<\/div>\n\t\t\t\t<\/div>\n\t\t\t\t\t<\/div>\n\t\t<\/div>\n\t\t\t\t<div class=\"elementor-column elementor-col-33 elementor-top-column elementor-element elementor-element-06db3e4\" data-id=\"06db3e4\" data-element_type=\"column\" data-e-type=\"column\">\n\t\t\t<div class=\"elementor-widget-wrap elementor-element-populated\">\n\t\t\t\t\t\t<div class=\"elementor-element elementor-element-f681897 elementor-align-center elementor-widget elementor-widget-button\" data-id=\"f681897\" data-element_type=\"widget\" data-e-type=\"widget\" data-widget_type=\"button.default\">\n\t\t\t\t<div class=\"elementor-widget-container\">\n\t\t\t\t\t\t\t\t\t<div class=\"elementor-button-wrapper\">\n\t\t\t\t\t<a class=\"elementor-button elementor-button-link elementor-size-sm\" href=\"#elementor-action%3Aaction%3Dpopup%3Aopen%26settings%3DeyJpZCI6IjEyODciLCJ0b2dnbGUiOmZhbHNlfQ%3D%3D\">\n\t\t\t\t\t\t<span class=\"elementor-button-content-wrapper\">\n\t\t\t\t\t\t\t\t\t<span class=\"elementor-button-text\">Conoce los equipos<\/span>\n\t\t\t\t\t<\/span>\n\t\t\t\t\t<\/a>\n\t\t\t\t<\/div>\n\t\t\t\t\t\t\t\t<\/div>\n\t\t\t\t<\/div>\n\t\t\t\t\t<\/div>\n\t\t<\/div>\n\t\t\t\t\t<\/div>\n\t\t<\/section>\n\t\t\t\t<section class=\"elementor-section elementor-top-section elementor-element elementor-element-39cb05a elementor-section-full_width elementor-section-height-min-height elementor-section-height-default elementor-section-items-middle\" data-id=\"39cb05a\" data-element_type=\"section\" data-e-type=\"section\">\n\t\t\t\t\t\t<div class=\"elementor-container elementor-column-gap-no\">\n\t\t\t\t\t<div class=\"elementor-column elementor-col-100 elementor-top-column elementor-element elementor-element-e41d057\" data-id=\"e41d057\" data-element_type=\"column\" data-e-type=\"column\">\n\t\t\t<div class=\"elementor-widget-wrap elementor-element-populated\">\n\t\t\t\t\t\t<div class=\"elementor-element elementor-element-04520f0 elementor-widget elementor-widget-video\" data-id=\"04520f0\" data-element_type=\"widget\" data-e-type=\"widget\" data-settings=\"{&quot;video_type&quot;:&quot;hosted&quot;,&quot;autoplay&quot;:&quot;yes&quot;,&quot;play_on_mobile&quot;:&quot;yes&quot;,&quot;loop&quot;:&quot;yes&quot;}\" data-widget_type=\"video.default\">\n\t\t\t\t<div class=\"elementor-widget-container\">\n\t\t\t\t\t\t\t<div class=\"e-hosted-video elementor-wrapper elementor-open-inline\">\n\t\t\t\t\t<video class=\"elementor-video\" src=\"http:\/\/grupoprointec.com\/wp-content\/uploads\/2022\/10\/Meccanoplastica_presentazione_logo_web.mp4\" autoplay=\"\" loop=\"\" playsinline=\"\" controlsList=\"nodownload\" poster=\"http:\/\/grupoprointec.com\/wp-content\/uploads\/2022\/10\/logomecca2022-scaled.jpg\"><\/video>\n\t\t\t\t<\/div>\n\t\t\t\t\t\t<\/div>\n\t\t\t\t<\/div>\n\t\t\t\t\t<\/div>\n\t\t<\/div>\n\t\t\t\t\t<\/div>\n\t\t<\/section>\n\t\t\t\t<\/div>\n\t\t","protected":false},"excerpt":{"rendered":"<p>Nacidos en el coraz\u00f3n de la Toscana en 1983, hemos crecido con nuestros clientes. Hemos sabido adaptarnos y transformarnos, de una peque\u00f1a empresa, compuesta por tan solo tres socios fundadores, a una importante realidad industrial en el mercado italiano y extranjero, con sedes operativas en Florencia (Italia) y Barcelona (Espa\u00f1a). Con una gama de productos [&hellip;]<\/p>\n","protected":false},"author":1,"featured_media":0,"parent":0,"menu_order":0,"comment_status":"closed","ping_status":"closed","template":"","meta":{"site-sidebar-layout":"no-sidebar","site-content-layout":"page-builder","ast-site-content-layout":"default","site-content-style":"default","site-sidebar-style":"default","ast-global-header-display":"","ast-banner-title-visibility":"","ast-main-header-display":"","ast-hfb-above-header-display":"","ast-hfb-below-header-display":"","ast-hfb-mobile-header-display":"","site-post-title":"disabled","ast-breadcrumbs-content":"","ast-featured-img":"disabled","footer-sml-layout":"","ast-disable-related-posts":"","theme-transparent-header-meta":"default","adv-header-id-meta":"","stick-header-meta":"","header-above-stick-meta":"","header-main-stick-meta":"","header-below-stick-meta":"","astra-migrate-meta-layouts":"default","ast-page-background-enabled":"default","ast-page-background-meta":{"desktop":{"background-color":"","background-image":"","background-repeat":"repeat","background-position":"center center","background-size":"auto","background-attachment":"scroll","background-type":"","background-media":"","overlay-type":"","overlay-color":"","overlay-opacity":"","overlay-gradient":""},"tablet":{"background-color":"","background-image":"","background-repeat":"repeat","background-position":"center center","background-size":"auto","background-attachment":"scroll","background-type":"","background-media":"","overlay-type":"","overlay-color":"","overlay-opacity":"","overlay-gradient":""},"mobile":{"background-color":"","background-image":"","background-repeat":"repeat","background-position":"center center","background-size":"auto","background-attachment":"scroll","background-type":"","background-media":"","overlay-type":"","overlay-color":"","overlay-opacity":"","overlay-gradient":""}},"ast-content-background-meta":{"desktop":{"background-color":"var(--ast-global-color-5)","background-image":"","background-repeat":"repeat","background-position":"center center","background-size":"auto","background-attachment":"scroll","background-type":"","background-media":"","overlay-type":"","overlay-color":"","overlay-opacity":"","overlay-gradient":""},"tablet":{"background-color":"var(--ast-global-color-5)","background-image":"","background-repeat":"repeat","background-position":"center center","background-size":"auto","background-attachment":"scroll","background-type":"","background-media":"","overlay-type":"","overlay-color":"","overlay-opacity":"","overlay-gradient":""},"mobile":{"background-color":"var(--ast-global-color-5)","background-image":"","background-repeat":"repeat","background-position":"center center","background-size":"auto","background-attachment":"scroll","background-type":"","background-media":"","overlay-type":"","overlay-color":"","overlay-opacity":"","overlay-gradient":""}},"footnotes":""},"class_list":["post-760","page","type-page","status-publish","hentry"],"_links":{"self":[{"href":"http:\/\/grupoprointec.com\/index.php?rest_route=\/wp\/v2\/pages\/760","targetHints":{"allow":["GET"]}}],"collection":[{"href":"http:\/\/grupoprointec.com\/index.php?rest_route=\/wp\/v2\/pages"}],"about":[{"href":"http:\/\/grupoprointec.com\/index.php?rest_route=\/wp\/v2\/types\/page"}],"author":[{"embeddable":true,"href":"http:\/\/grupoprointec.com\/index.php?rest_route=\/wp\/v2\/users\/1"}],"replies":[{"embeddable":true,"href":"http:\/\/grupoprointec.com\/index.php?rest_route=%2Fwp%2Fv2%2Fcomments&post=760"}],"version-history":[{"count":73,"href":"http:\/\/grupoprointec.com\/index.php?rest_route=\/wp\/v2\/pages\/760\/revisions"}],"predecessor-version":[{"id":1805,"href":"http:\/\/grupoprointec.com\/index.php?rest_route=\/wp\/v2\/pages\/760\/revisions\/1805"}],"wp:attachment":[{"href":"http:\/\/grupoprointec.com\/index.php?rest_route=%2Fwp%2Fv2%2Fmedia&parent=760"}],"curies":[{"name":"wp","href":"https:\/\/api.w.org\/{rel}","templated":true}]}}